{"id":58,"date":"2019-07-27T13:52:47","date_gmt":"2019-07-27T13:52:47","guid":{"rendered":"https:\/\/www.yimeiglasses.com\/?page_id=58"},"modified":"2025-06-26T06:16:57","modified_gmt":"2025-06-26T06:16:57","slug":"about-us","status":"publish","type":"page","link":"https:\/\/www.yimeiglasses.com\/de\/about-us\/","title":{"rendered":"\u00dcber uns"},"content":{"rendered":"<div class=\"wp-block-image\"><figure class=\"aligncenter is-resized\"><img loading=\"lazy\" decoding=\"async\" src=\"https:\/\/www.yimeiglasses.com\/wp-content\/uploads\/2019\/08\/main.jpg\" alt=\"\" class=\"wp-image-200\" width=\"372\" height=\"279\" srcset=\"https:\/\/www.yimeiglasses.com\/wp-content\/uploads\/2019\/08\/main.jpg 400w, https:\/\/www.yimeiglasses.com\/wp-content\/uploads\/2019\/08\/main-247x185.jpg 247w, https:\/\/www.yimeiglasses.com\/wp-content\/uploads\/2019\/08\/main-16x12.jpg 16w\" sizes=\"auto, (max-width: 372px) 100vw, 372px\" \/><\/figure><\/div>\n\n\n\n<p> Shenzhen Yimei Glasses Co., Ltd ist ein professioneller Brillenhersteller mit mehr als zweihundert Mitarbeitern, der sich haupts\u00e4chlich auf Cartier- und andere Marken-Sonnenbrillen und optische Fassungen spezialisiert hat. Wir vereinen Design, Entwicklung und Herstellung in einem Unternehmen. Unsere Produkte wurden in der ganzen Welt, einschlie\u00dflich USA, Frankreich, Gro\u00dfbritannien, Australien, Europa und anderen Orten.<br>Unser Unternehmen wurde 1998 gegr\u00fcndet und besteht seit 15 Jahren. Wir haben wertvolle Produktionserfahrung, ausgezeichnete Technologie und haben bereits einen eigenen einzigartigen Stil der Produkte. Wir respektierten edle Qualit\u00e4t, einige Produkte sind aus wertvollen nat\u00fcrlichen Materialien als Rohstoffe, wie Naturhorn, wertvolles Holz, Edelsteine und so weiter gemacht. Wir produzieren jedes Produkt mit hundertprozentigem Herz und hervorragender Handwerkskunst. <\/p>\n\n\n\n<p><\/p>","protected":false},"excerpt":{"rendered":"<p>Shenzhen Yimei Glasses Co., Ltd ist ein professioneller Brillenhersteller mit mehr als zweihundert Mitarbeitern, der sich haupts\u00e4chlich auf Cartier- und andere Marken-Sonnenbrillen und optische Fassungen spezialisiert hat. Wir vereinen Design, Entwicklung und Herstellung in einem Unternehmen. Unsere Produkte werden in der ganzen Welt verkauft, darunter in den USA, Frankreich, Gro\u00dfbritannien, Australien, Europa usw. Unser Unternehmen wurde [...]","protected":false},"author":1,"featured_media":0,"parent":0,"menu_order":2,"comment_status":"closed","ping_status":"closed","template":"","meta":{"_joinchat":[],"footnotes":""},"class_list":["post-58","page","type-page","status-publish","hentry"],"yoast_head":"<!-- This site is optimized with the Yoast SEO plugin v27.5 - https:\/\/yoast.com\/product\/yoast-seo-wordpress\/ -->\n<title>Yimei Glasses-About us<\/title>\n<meta name=\"description\" content=\"Yimei Glasses: 25+ years crafting high-quality, stylish eyewear. Specializing in Cartier-style &amp; branded designs with unique materials.\" \/>\n<meta name=\"robots\" content=\"index, follow, max-snippet:-1, max-image-preview:large, max-video-preview:-1\" \/>\n<link rel=\"canonical\" href=\"https:\/\/www.yimeiglasses.com\/de\/about-us\/\" \/>\n<meta property=\"og:locale\" content=\"de_DE\" \/>\n<meta property=\"og:type\" content=\"article\" \/>\n<meta property=\"og:title\" content=\"Yimei Glasses-About us\" \/>\n<meta property=\"og:description\" content=\"Yimei Glasses: 25+ years crafting high-quality, stylish eyewear. Specializing in Cartier-style &amp; branded designs with unique materials.\" \/>\n<meta property=\"og:url\" content=\"https:\/\/www.yimeiglasses.com\/de\/about-us\/\" \/>\n<meta property=\"og:site_name\" content=\"Yimeiglasses\" \/>\n<meta property=\"article:publisher\" content=\"https:\/\/www.facebook.com\/yimeiglasses\" \/>\n<meta property=\"article:modified_time\" content=\"2025-06-26T06:16:57+00:00\" \/>\n<meta property=\"og:image\" content=\"https:\/\/www.yimeiglasses.com\/wp-content\/uploads\/2019\/08\/main.jpg\" \/>\n<meta name=\"twitter:card\" content=\"summary_large_image\" \/>\n<meta name=\"twitter:site\" content=\"@RaphaelDun\" \/>\n<meta name=\"twitter:label1\" content=\"Gesch\u00e4tzte Lesezeit\" \/>\n\t<meta name=\"twitter:data1\" content=\"1\u00a0Minute\" \/>\n<script type=\"application\/ld+json\" class=\"yoast-schema-graph\">{\"@context\":\"https:\\\/\\\/schema.org\",\"@graph\":[{\"@type\":\"WebPage\",\"@id\":\"https:\\\/\\\/www.yimeiglasses.com\\\/about-us\\\/\",\"url\":\"https:\\\/\\\/www.yimeiglasses.com\\\/about-us\\\/\",\"name\":\"Yimei Glasses-About us\",\"isPartOf\":{\"@id\":\"https:\\\/\\\/www.yimeiglasses.com\\\/#website\"},\"primaryImageOfPage\":{\"@id\":\"https:\\\/\\\/www.yimeiglasses.com\\\/about-us\\\/#primaryimage\"},\"image\":{\"@id\":\"https:\\\/\\\/www.yimeiglasses.com\\\/about-us\\\/#primaryimage\"},\"thumbnailUrl\":\"https:\\\/\\\/www.yimeiglasses.com\\\/wp-content\\\/uploads\\\/2019\\\/08\\\/main.jpg\",\"datePublished\":\"2019-07-27T13:52:47+00:00\",\"dateModified\":\"2025-06-26T06:16:57+00:00\",\"description\":\"Yimei Glasses: 25+ years crafting high-quality, stylish eyewear. Specializing in Cartier-style & branded designs with unique materials.\",\"breadcrumb\":{\"@id\":\"https:\\\/\\\/www.yimeiglasses.com\\\/about-us\\\/#breadcrumb\"},\"inLanguage\":\"de\",\"potentialAction\":[{\"@type\":\"ReadAction\",\"target\":[\"https:\\\/\\\/www.yimeiglasses.com\\\/about-us\\\/\"]}]},{\"@type\":\"ImageObject\",\"inLanguage\":\"de\",\"@id\":\"https:\\\/\\\/www.yimeiglasses.com\\\/about-us\\\/#primaryimage\",\"url\":\"https:\\\/\\\/www.yimeiglasses.com\\\/wp-content\\\/uploads\\\/2019\\\/08\\\/main.jpg\",\"contentUrl\":\"https:\\\/\\\/www.yimeiglasses.com\\\/wp-content\\\/uploads\\\/2019\\\/08\\\/main.jpg\"},{\"@type\":\"BreadcrumbList\",\"@id\":\"https:\\\/\\\/www.yimeiglasses.com\\\/about-us\\\/#breadcrumb\",\"itemListElement\":[{\"@type\":\"ListItem\",\"position\":1,\"name\":\"\u9996\u9875\",\"item\":\"https:\\\/\\\/www.yimeiglasses.com\\\/\"},{\"@type\":\"ListItem\",\"position\":2,\"name\":\"About us\"}]},{\"@type\":\"WebSite\",\"@id\":\"https:\\\/\\\/www.yimeiglasses.com\\\/#website\",\"url\":\"https:\\\/\\\/www.yimeiglasses.com\\\/\",\"name\":\"YimeiGlasses\",\"description\":\"Glasses factory\",\"publisher\":{\"@id\":\"https:\\\/\\\/www.yimeiglasses.com\\\/#organization\"},\"potentialAction\":[{\"@type\":\"SearchAction\",\"target\":{\"@type\":\"EntryPoint\",\"urlTemplate\":\"https:\\\/\\\/www.yimeiglasses.com\\\/?s={search_term_string}\"},\"query-input\":{\"@type\":\"PropertyValueSpecification\",\"valueRequired\":true,\"valueName\":\"search_term_string\"}}],\"inLanguage\":\"de\"},{\"@type\":\"Organization\",\"@id\":\"https:\\\/\\\/www.yimeiglasses.com\\\/#organization\",\"name\":\"yimeiglasses\",\"url\":\"https:\\\/\\\/www.yimeiglasses.com\\\/\",\"logo\":{\"@type\":\"ImageObject\",\"inLanguage\":\"de\",\"@id\":\"https:\\\/\\\/www.yimeiglasses.com\\\/#\\\/schema\\\/logo\\\/image\\\/\",\"url\":\"https:\\\/\\\/www.yimeiglasses.com\\\/wp-content\\\/uploads\\\/2022\\\/12\\\/\u7eaf\u6587\u5b57logo.png\",\"contentUrl\":\"https:\\\/\\\/www.yimeiglasses.com\\\/wp-content\\\/uploads\\\/2022\\\/12\\\/\u7eaf\u6587\u5b57logo.png\",\"width\":143,\"height\":143,\"caption\":\"yimeiglasses\"},\"image\":{\"@id\":\"https:\\\/\\\/www.yimeiglasses.com\\\/#\\\/schema\\\/logo\\\/image\\\/\"},\"sameAs\":[\"https:\\\/\\\/www.facebook.com\\\/yimeiglasses\",\"https:\\\/\\\/x.com\\\/RaphaelDun\",\"https:\\\/\\\/www.pinterest.com\\\/Yimeiglasses\\\/\",\"https:\\\/\\\/www.instagram.com\\\/yimeiglasses\\\/\",\"https:\\\/\\\/www.tiktok.com\\\/@yimeiglasses\",\"https:\\\/\\\/www.youtube.com\\\/@yimeiglasses\"]}]}<\/script>\n<!-- \/ Yoast SEO plugin. -->","yoast_head_json":{"title":"Yimei Glasses-About us","description":"Yimei Glasses: 25+ years crafting high-quality, stylish eyewear. Specializing in Cartier-style & branded designs with unique materials.","robots":{"index":"index","follow":"follow","max-snippet":"max-snippet:-1","max-image-preview":"max-image-preview:large","max-video-preview":"max-video-preview:-1"},"canonical":"https:\/\/www.yimeiglasses.com\/de\/about-us\/","og_locale":"de_DE","og_type":"article","og_title":"Yimei Glasses-About us","og_description":"Yimei Glasses: 25+ years crafting high-quality, stylish eyewear. Specializing in Cartier-style & branded designs with unique materials.","og_url":"https:\/\/www.yimeiglasses.com\/de\/about-us\/","og_site_name":"Yimeiglasses","article_publisher":"https:\/\/www.facebook.com\/yimeiglasses","article_modified_time":"2025-06-26T06:16:57+00:00","og_image":[{"url":"https:\/\/www.yimeiglasses.com\/wp-content\/uploads\/2019\/08\/main.jpg","type":"","width":"","height":""}],"twitter_card":"summary_large_image","twitter_site":"@RaphaelDun","twitter_misc":{"Gesch\u00e4tzte Lesezeit":"1\u00a0Minute"},"schema":{"@context":"https:\/\/schema.org","@graph":[{"@type":"WebPage","@id":"https:\/\/www.yimeiglasses.com\/about-us\/","url":"https:\/\/www.yimeiglasses.com\/about-us\/","name":"Yimei Glasses-About us","isPartOf":{"@id":"https:\/\/www.yimeiglasses.com\/#website"},"primaryImageOfPage":{"@id":"https:\/\/www.yimeiglasses.com\/about-us\/#primaryimage"},"image":{"@id":"https:\/\/www.yimeiglasses.com\/about-us\/#primaryimage"},"thumbnailUrl":"https:\/\/www.yimeiglasses.com\/wp-content\/uploads\/2019\/08\/main.jpg","datePublished":"2019-07-27T13:52:47+00:00","dateModified":"2025-06-26T06:16:57+00:00","description":"Yimei Glasses: 25+ years crafting high-quality, stylish eyewear. Specializing in Cartier-style & branded designs with unique materials.","breadcrumb":{"@id":"https:\/\/www.yimeiglasses.com\/about-us\/#breadcrumb"},"inLanguage":"de","potentialAction":[{"@type":"ReadAction","target":["https:\/\/www.yimeiglasses.com\/about-us\/"]}]},{"@type":"ImageObject","inLanguage":"de","@id":"https:\/\/www.yimeiglasses.com\/about-us\/#primaryimage","url":"https:\/\/www.yimeiglasses.com\/wp-content\/uploads\/2019\/08\/main.jpg","contentUrl":"https:\/\/www.yimeiglasses.com\/wp-content\/uploads\/2019\/08\/main.jpg"},{"@type":"BreadcrumbList","@id":"https:\/\/www.yimeiglasses.com\/about-us\/#breadcrumb","itemListElement":[{"@type":"ListItem","position":1,"name":"\u9996\u9875","item":"https:\/\/www.yimeiglasses.com\/"},{"@type":"ListItem","position":2,"name":"About us"}]},{"@type":"WebSite","@id":"https:\/\/www.yimeiglasses.com\/#website","url":"https:\/\/www.yimeiglasses.com\/","name":"YimeiGlasses","description":"Glasses factory","publisher":{"@id":"https:\/\/www.yimeiglasses.com\/#organization"},"potentialAction":[{"@type":"SearchAction","target":{"@type":"EntryPoint","urlTemplate":"https:\/\/www.yimeiglasses.com\/?s={search_term_string}"},"query-input":{"@type":"PropertyValueSpecification","valueRequired":true,"valueName":"search_term_string"}}],"inLanguage":"de"},{"@type":"Organization","@id":"https:\/\/www.yimeiglasses.com\/#organization","name":"yimeiglasses","url":"https:\/\/www.yimeiglasses.com\/","logo":{"@type":"ImageObject","inLanguage":"de","@id":"https:\/\/www.yimeiglasses.com\/#\/schema\/logo\/image\/","url":"https:\/\/www.yimeiglasses.com\/wp-content\/uploads\/2022\/12\/\u7eaf\u6587\u5b57logo.png","contentUrl":"https:\/\/www.yimeiglasses.com\/wp-content\/uploads\/2022\/12\/\u7eaf\u6587\u5b57logo.png","width":143,"height":143,"caption":"yimeiglasses"},"image":{"@id":"https:\/\/www.yimeiglasses.com\/#\/schema\/logo\/image\/"},"sameAs":["https:\/\/www.facebook.com\/yimeiglasses","https:\/\/x.com\/RaphaelDun","https:\/\/www.pinterest.com\/Yimeiglasses\/","https:\/\/www.instagram.com\/yimeiglasses\/","https:\/\/www.tiktok.com\/@yimeiglasses","https:\/\/www.youtube.com\/@yimeiglasses"]}]}},"_links":{"self":[{"href":"https:\/\/www.yimeiglasses.com\/de\/wp-json\/wp\/v2\/pages\/58","targetHints":{"allow":["GET"]}}],"collection":[{"href":"https:\/\/www.yimeiglasses.com\/de\/wp-json\/wp\/v2\/pages"}],"about":[{"href":"https:\/\/www.yimeiglasses.com\/de\/wp-json\/wp\/v2\/types\/page"}],"author":[{"embeddable":true,"href":"https:\/\/www.yimeiglasses.com\/de\/wp-json\/wp\/v2\/users\/1"}],"replies":[{"embeddable":true,"href":"https:\/\/www.yimeiglasses.com\/de\/wp-json\/wp\/v2\/comments?post=58"}],"version-history":[{"count":0,"href":"https:\/\/www.yimeiglasses.com\/de\/wp-json\/wp\/v2\/pages\/58\/revisions"}],"wp:attachment":[{"href":"https:\/\/www.yimeiglasses.com\/de\/wp-json\/wp\/v2\/media?parent=58"}],"curies":[{"name":"wp","href":"https:\/\/api.w.org\/{rel}","templated":true}]}}