{"id":11894,"date":"2023-03-17T02:33:50","date_gmt":"2023-03-17T02:33:50","guid":{"rendered":"https:\/\/www.yimeiglasses.com\/?post_type=product&#038;p=11894"},"modified":"2024-08-21T07:49:38","modified_gmt":"2024-08-21T07:49:38","slug":"cartier-panthere-metal-diamond-rimless-sunglasses-ct1180146","status":"publish","type":"product","link":"https:\/\/www.yimeiglasses.com\/de\/produkt\/cartier-panthere-metal-diamond-rimless-sunglasses-ct1180146\/","title":{"rendered":"Cartier PANTH\u00e8RE Metall Diamant randlose Sonnenbrille CT1180146"},"content":{"rendered":"<h2>Cartier PANTH\u00e8RE Metall Diamant randlose Sonnenbrille CT1180146<\/h2>\n<p><img loading=\"lazy\" decoding=\"async\" class=\"alignnone size-full wp-image-835\" src=\"https:\/\/www.yimeiglasses.com\/wp-content\/uploads\/2023\/03\/Cartier-PANTHERE-Metal-Diamond-Full-Frame-Sunglasses-CT1180146-4.jpg\" alt=\"\" width=\"700\" height=\"600\" \/> <img loading=\"lazy\" decoding=\"async\" class=\"alignnone size-full wp-image-834\" src=\"https:\/\/www.yimeiglasses.com\/wp-content\/uploads\/2023\/03\/Cartier-PANTHERE-Metal-Diamond-Full-Frame-Sunglasses-CT1180146-3.jpg\" alt=\"\" width=\"700\" height=\"600\" \/> <img loading=\"lazy\" decoding=\"async\" class=\"alignnone size-full wp-image-833\" src=\"https:\/\/www.yimeiglasses.com\/wp-content\/uploads\/2023\/03\/Cartier-PANTHERE-Metal-Diamond-Full-Frame-Sunglasses-CT1180146-2.jpg\" alt=\"\" width=\"700\" height=\"600\" \/> <img loading=\"lazy\" decoding=\"async\" class=\"alignnone size-full wp-image-832\" src=\"https:\/\/www.yimeiglasses.com\/wp-content\/uploads\/2023\/03\/Cartier-PANTHERE-Metal-Diamond-Full-Frame-Sunglasses-CT1180146-1.jpg\" alt=\"\" width=\"700\" height=\"600\" \/> <img loading=\"lazy\" decoding=\"async\" class=\"alignnone size-full wp-image-831\" src=\"https:\/\/www.yimeiglasses.com\/wp-content\/uploads\/2023\/03\/Cartier-PANTHERE-Metal-Diamond-Full-Frame-Optical-Glasses-CT1180146-2.jpg\" alt=\"\" width=\"700\" height=\"600\" \/> <img loading=\"lazy\" decoding=\"async\" class=\"alignnone size-full wp-image-830\" src=\"https:\/\/www.yimeiglasses.com\/wp-content\/uploads\/2023\/03\/Cartier-PANTHERE-Metal-Diamond-Full-Frame-Optical-Glasses-CT1180146-1.jpg\" alt=\"\" width=\"700\" height=\"600\" \/><\/p>","protected":false},"excerpt":{"rendered":"<p>Cartier PANTH\u00e8RE Metall Diamant randlose Sonnenbrille CT1180146<\/p>","protected":false},"featured_media":10651,"template":"","meta":{"_joinchat":[]},"product_brand":[],"product_cat":[16],"product_tag":[232,217,233,218],"class_list":{"0":"post-11894","1":"product","2":"type-product","3":"status-publish","4":"has-post-thumbnail","6":"product_cat-sunglasses","7":"product_tag-diamond","8":"product_tag-panthere","9":"product_tag-rimless","10":"product_tag-sunglasses","12":"first","13":"instock","14":"taxable","15":"shipping-taxable","16":"purchasable","17":"product-type-variable"},"yoast_head":"<!-- This site is optimized with the Yoast SEO plugin v27.4 - https:\/\/yoast.com\/product\/yoast-seo-wordpress\/ -->\n<title>Cartier PANTH\u00e8RE Metal Diamond Rimless Sunglasses CT1180146 &#8211; Yimeiglasses<\/title>\n<meta name=\"description\" content=\"Cartier PANTH\u00e8RE Metal Diamond Rimless Sunglasses CT1180146 Cartier PANTH\u00e8RE Metal Diamond Rimless Sunglasses CT1180146 &#8211; Yimeiglasses\" \/>\n<meta name=\"robots\" content=\"index, follow, max-snippet:-1, max-image-preview:large, max-video-preview:-1\" \/>\n<link rel=\"canonical\" href=\"https:\/\/www.yimeiglasses.com\/de\/produkt\/cartier-panthere-metal-diamond-rimless-sunglasses-ct1180146\/\" \/>\n<meta property=\"og:locale\" content=\"de_DE\" \/>\n<meta property=\"og:type\" content=\"article\" \/>\n<meta property=\"og:title\" content=\"Cartier PANTH\u00e8RE Metal Diamond Rimless Sunglasses CT1180146 &#8211; Yimeiglasses\" \/>\n<meta property=\"og:description\" content=\"Cartier PANTH\u00e8RE Metal Diamond Rimless Sunglasses CT1180146 Cartier PANTH\u00e8RE Metal Diamond Rimless Sunglasses CT1180146 &#8211; Yimeiglasses\" \/>\n<meta property=\"og:url\" content=\"https:\/\/www.yimeiglasses.com\/de\/produkt\/cartier-panthere-metal-diamond-rimless-sunglasses-ct1180146\/\" \/>\n<meta property=\"og:site_name\" content=\"Yimeiglasses\" \/>\n<meta property=\"article:publisher\" content=\"https:\/\/www.facebook.com\/yimeiglasses\" \/>\n<meta property=\"article:modified_time\" content=\"2024-08-21T07:49:38+00:00\" \/>\n<meta property=\"og:image\" content=\"https:\/\/www.yimeiglasses.com\/wp-content\/uploads\/2023\/03\/Cartier-PANTHERE-Metal-Diamond-Full-Frame-Sunglasses-CT1180146-4.jpg\" \/>\n\t<meta property=\"og:image:width\" content=\"700\" \/>\n\t<meta property=\"og:image:height\" content=\"600\" \/>\n\t<meta property=\"og:image:type\" content=\"image\/jpeg\" \/>\n<meta name=\"twitter:card\" content=\"summary_large_image\" \/>\n<meta name=\"twitter:site\" content=\"@RaphaelDun\" \/>\n<meta name=\"twitter:label1\" content=\"Gesch\u00e4tzte Lesezeit\" \/>\n\t<meta name=\"twitter:data1\" content=\"2\u00a0Minuten\" \/>\n<script type=\"application\/ld+json\" class=\"yoast-schema-graph\">{\"@context\":\"https:\\\/\\\/schema.org\",\"@graph\":[{\"@type\":\"WebPage\",\"@id\":\"https:\\\/\\\/www.yimeiglasses.com\\\/product\\\/cartier-panthere-metal-diamond-rimless-sunglasses-ct1180146\\\/\",\"url\":\"https:\\\/\\\/www.yimeiglasses.com\\\/product\\\/cartier-panthere-metal-diamond-rimless-sunglasses-ct1180146\\\/\",\"name\":\"Cartier PANTH\u00e8RE Metal Diamond Rimless Sunglasses CT1180146 &#8211; Yimeiglasses\",\"isPartOf\":{\"@id\":\"https:\\\/\\\/www.yimeiglasses.com\\\/#website\"},\"primaryImageOfPage\":{\"@id\":\"https:\\\/\\\/www.yimeiglasses.com\\\/product\\\/cartier-panthere-metal-diamond-rimless-sunglasses-ct1180146\\\/#primaryimage\"},\"image\":{\"@id\":\"https:\\\/\\\/www.yimeiglasses.com\\\/product\\\/cartier-panthere-metal-diamond-rimless-sunglasses-ct1180146\\\/#primaryimage\"},\"thumbnailUrl\":\"https:\\\/\\\/www.yimeiglasses.com\\\/wp-content\\\/uploads\\\/2023\\\/03\\\/Cartier-PANTHERE-Metal-Diamond-Full-Frame-Sunglasses-CT1180146-4.jpg\",\"datePublished\":\"2023-03-17T02:33:50+00:00\",\"dateModified\":\"2024-08-21T07:49:38+00:00\",\"description\":\"Cartier PANTH\u00e8RE Metal Diamond Rimless Sunglasses CT1180146 Cartier PANTH\u00e8RE Metal Diamond Rimless Sunglasses CT1180146 &#8211; Yimeiglasses\",\"breadcrumb\":{\"@id\":\"https:\\\/\\\/www.yimeiglasses.com\\\/product\\\/cartier-panthere-metal-diamond-rimless-sunglasses-ct1180146\\\/#breadcrumb\"},\"inLanguage\":\"de\",\"potentialAction\":[{\"@type\":\"ReadAction\",\"target\":[\"https:\\\/\\\/www.yimeiglasses.com\\\/product\\\/cartier-panthere-metal-diamond-rimless-sunglasses-ct1180146\\\/\"]}]},{\"@type\":\"ImageObject\",\"inLanguage\":\"de\",\"@id\":\"https:\\\/\\\/www.yimeiglasses.com\\\/product\\\/cartier-panthere-metal-diamond-rimless-sunglasses-ct1180146\\\/#primaryimage\",\"url\":\"https:\\\/\\\/www.yimeiglasses.com\\\/wp-content\\\/uploads\\\/2023\\\/03\\\/Cartier-PANTHERE-Metal-Diamond-Full-Frame-Sunglasses-CT1180146-4.jpg\",\"contentUrl\":\"https:\\\/\\\/www.yimeiglasses.com\\\/wp-content\\\/uploads\\\/2023\\\/03\\\/Cartier-PANTHERE-Metal-Diamond-Full-Frame-Sunglasses-CT1180146-4.jpg\",\"width\":700,\"height\":600,\"caption\":\"cartier-panthere-metal-diamond-full-frame-sunglasses-ct1180146-4\"},{\"@type\":\"BreadcrumbList\",\"@id\":\"https:\\\/\\\/www.yimeiglasses.com\\\/product\\\/cartier-panthere-metal-diamond-rimless-sunglasses-ct1180146\\\/#breadcrumb\",\"itemListElement\":[{\"@type\":\"ListItem\",\"position\":1,\"name\":\"\u9996\u9875\",\"item\":\"https:\\\/\\\/www.yimeiglasses.com\\\/\"},{\"@type\":\"ListItem\",\"position\":2,\"name\":\"Products\",\"item\":\"https:\\\/\\\/www.yimeiglasses.com\\\/shop\\\/\"},{\"@type\":\"ListItem\",\"position\":3,\"name\":\"Cartier PANTH\u00e8RE Metal Diamond Rimless Sunglasses CT1180146\"}]},{\"@type\":\"WebSite\",\"@id\":\"https:\\\/\\\/www.yimeiglasses.com\\\/#website\",\"url\":\"https:\\\/\\\/www.yimeiglasses.com\\\/\",\"name\":\"YimeiGlasses\",\"description\":\"Glasses factory\",\"publisher\":{\"@id\":\"https:\\\/\\\/www.yimeiglasses.com\\\/#organization\"},\"potentialAction\":[{\"@type\":\"SearchAction\",\"target\":{\"@type\":\"EntryPoint\",\"urlTemplate\":\"https:\\\/\\\/www.yimeiglasses.com\\\/?s={search_term_string}\"},\"query-input\":{\"@type\":\"PropertyValueSpecification\",\"valueRequired\":true,\"valueName\":\"search_term_string\"}}],\"inLanguage\":\"de\"},{\"@type\":\"Organization\",\"@id\":\"https:\\\/\\\/www.yimeiglasses.com\\\/#organization\",\"name\":\"yimeiglasses\",\"url\":\"https:\\\/\\\/www.yimeiglasses.com\\\/\",\"logo\":{\"@type\":\"ImageObject\",\"inLanguage\":\"de\",\"@id\":\"https:\\\/\\\/www.yimeiglasses.com\\\/#\\\/schema\\\/logo\\\/image\\\/\",\"url\":\"https:\\\/\\\/www.yimeiglasses.com\\\/wp-content\\\/uploads\\\/2022\\\/12\\\/\u7eaf\u6587\u5b57logo.png\",\"contentUrl\":\"https:\\\/\\\/www.yimeiglasses.com\\\/wp-content\\\/uploads\\\/2022\\\/12\\\/\u7eaf\u6587\u5b57logo.png\",\"width\":143,\"height\":143,\"caption\":\"yimeiglasses\"},\"image\":{\"@id\":\"https:\\\/\\\/www.yimeiglasses.com\\\/#\\\/schema\\\/logo\\\/image\\\/\"},\"sameAs\":[\"https:\\\/\\\/www.facebook.com\\\/yimeiglasses\",\"https:\\\/\\\/x.com\\\/RaphaelDun\",\"https:\\\/\\\/www.pinterest.com\\\/Yimeiglasses\\\/\",\"https:\\\/\\\/www.instagram.com\\\/yimeiglasses\\\/\",\"https:\\\/\\\/www.tiktok.com\\\/@yimeiglasses\",\"https:\\\/\\\/www.youtube.com\\\/@yimeiglasses\"]}]}<\/script>\n<!-- \/ Yoast SEO plugin. -->","yoast_head_json":{"title":"Cartier PANTH\u00e8RE Metal Diamond Rimless Sunglasses CT1180146 &#8211; Yimeiglasses","description":"Cartier PANTH\u00e8RE Metal Diamond Rimless Sunglasses CT1180146 Cartier PANTH\u00e8RE Metal Diamond Rimless Sunglasses CT1180146 &#8211; Yimeiglasses","robots":{"index":"index","follow":"follow","max-snippet":"max-snippet:-1","max-image-preview":"max-image-preview:large","max-video-preview":"max-video-preview:-1"},"canonical":"https:\/\/www.yimeiglasses.com\/de\/produkt\/cartier-panthere-metal-diamond-rimless-sunglasses-ct1180146\/","og_locale":"de_DE","og_type":"article","og_title":"Cartier PANTH\u00e8RE Metal Diamond Rimless Sunglasses CT1180146 &#8211; Yimeiglasses","og_description":"Cartier PANTH\u00e8RE Metal Diamond Rimless Sunglasses CT1180146 Cartier PANTH\u00e8RE Metal Diamond Rimless Sunglasses CT1180146 &#8211; Yimeiglasses","og_url":"https:\/\/www.yimeiglasses.com\/de\/produkt\/cartier-panthere-metal-diamond-rimless-sunglasses-ct1180146\/","og_site_name":"Yimeiglasses","article_publisher":"https:\/\/www.facebook.com\/yimeiglasses","article_modified_time":"2024-08-21T07:49:38+00:00","og_image":[{"width":700,"height":600,"url":"https:\/\/www.yimeiglasses.com\/wp-content\/uploads\/2023\/03\/Cartier-PANTHERE-Metal-Diamond-Full-Frame-Sunglasses-CT1180146-4.jpg","type":"image\/jpeg"}],"twitter_card":"summary_large_image","twitter_site":"@RaphaelDun","twitter_misc":{"Gesch\u00e4tzte Lesezeit":"2\u00a0Minuten"},"schema":{"@context":"https:\/\/schema.org","@graph":[{"@type":"WebPage","@id":"https:\/\/www.yimeiglasses.com\/product\/cartier-panthere-metal-diamond-rimless-sunglasses-ct1180146\/","url":"https:\/\/www.yimeiglasses.com\/product\/cartier-panthere-metal-diamond-rimless-sunglasses-ct1180146\/","name":"Cartier PANTH\u00e8RE Metal Diamond Rimless Sunglasses CT1180146 &#8211; Yimeiglasses","isPartOf":{"@id":"https:\/\/www.yimeiglasses.com\/#website"},"primaryImageOfPage":{"@id":"https:\/\/www.yimeiglasses.com\/product\/cartier-panthere-metal-diamond-rimless-sunglasses-ct1180146\/#primaryimage"},"image":{"@id":"https:\/\/www.yimeiglasses.com\/product\/cartier-panthere-metal-diamond-rimless-sunglasses-ct1180146\/#primaryimage"},"thumbnailUrl":"https:\/\/www.yimeiglasses.com\/wp-content\/uploads\/2023\/03\/Cartier-PANTHERE-Metal-Diamond-Full-Frame-Sunglasses-CT1180146-4.jpg","datePublished":"2023-03-17T02:33:50+00:00","dateModified":"2024-08-21T07:49:38+00:00","description":"Cartier PANTH\u00e8RE Metal Diamond Rimless Sunglasses CT1180146 Cartier PANTH\u00e8RE Metal Diamond Rimless Sunglasses CT1180146 &#8211; Yimeiglasses","breadcrumb":{"@id":"https:\/\/www.yimeiglasses.com\/product\/cartier-panthere-metal-diamond-rimless-sunglasses-ct1180146\/#breadcrumb"},"inLanguage":"de","potentialAction":[{"@type":"ReadAction","target":["https:\/\/www.yimeiglasses.com\/product\/cartier-panthere-metal-diamond-rimless-sunglasses-ct1180146\/"]}]},{"@type":"ImageObject","inLanguage":"de","@id":"https:\/\/www.yimeiglasses.com\/product\/cartier-panthere-metal-diamond-rimless-sunglasses-ct1180146\/#primaryimage","url":"https:\/\/www.yimeiglasses.com\/wp-content\/uploads\/2023\/03\/Cartier-PANTHERE-Metal-Diamond-Full-Frame-Sunglasses-CT1180146-4.jpg","contentUrl":"https:\/\/www.yimeiglasses.com\/wp-content\/uploads\/2023\/03\/Cartier-PANTHERE-Metal-Diamond-Full-Frame-Sunglasses-CT1180146-4.jpg","width":700,"height":600,"caption":"cartier-panthere-metal-diamond-full-frame-sunglasses-ct1180146-4"},{"@type":"BreadcrumbList","@id":"https:\/\/www.yimeiglasses.com\/product\/cartier-panthere-metal-diamond-rimless-sunglasses-ct1180146\/#breadcrumb","itemListElement":[{"@type":"ListItem","position":1,"name":"\u9996\u9875","item":"https:\/\/www.yimeiglasses.com\/"},{"@type":"ListItem","position":2,"name":"Products","item":"https:\/\/www.yimeiglasses.com\/shop\/"},{"@type":"ListItem","position":3,"name":"Cartier PANTH\u00e8RE Metal Diamond Rimless Sunglasses CT1180146"}]},{"@type":"WebSite","@id":"https:\/\/www.yimeiglasses.com\/#website","url":"https:\/\/www.yimeiglasses.com\/","name":"YimeiGlasses","description":"Glasses factory","publisher":{"@id":"https:\/\/www.yimeiglasses.com\/#organization"},"potentialAction":[{"@type":"SearchAction","target":{"@type":"EntryPoint","urlTemplate":"https:\/\/www.yimeiglasses.com\/?s={search_term_string}"},"query-input":{"@type":"PropertyValueSpecification","valueRequired":true,"valueName":"search_term_string"}}],"inLanguage":"de"},{"@type":"Organization","@id":"https:\/\/www.yimeiglasses.com\/#organization","name":"yimeiglasses","url":"https:\/\/www.yimeiglasses.com\/","logo":{"@type":"ImageObject","inLanguage":"de","@id":"https:\/\/www.yimeiglasses.com\/#\/schema\/logo\/image\/","url":"https:\/\/www.yimeiglasses.com\/wp-content\/uploads\/2022\/12\/\u7eaf\u6587\u5b57logo.png","contentUrl":"https:\/\/www.yimeiglasses.com\/wp-content\/uploads\/2022\/12\/\u7eaf\u6587\u5b57logo.png","width":143,"height":143,"caption":"yimeiglasses"},"image":{"@id":"https:\/\/www.yimeiglasses.com\/#\/schema\/logo\/image\/"},"sameAs":["https:\/\/www.facebook.com\/yimeiglasses","https:\/\/x.com\/RaphaelDun","https:\/\/www.pinterest.com\/Yimeiglasses\/","https:\/\/www.instagram.com\/yimeiglasses\/","https:\/\/www.tiktok.com\/@yimeiglasses","https:\/\/www.youtube.com\/@yimeiglasses"]}]}},"_links":{"self":[{"href":"https:\/\/www.yimeiglasses.com\/de\/wp-json\/wp\/v2\/product\/11894","targetHints":{"allow":["GET"]}}],"collection":[{"href":"https:\/\/www.yimeiglasses.com\/de\/wp-json\/wp\/v2\/product"}],"about":[{"href":"https:\/\/www.yimeiglasses.com\/de\/wp-json\/wp\/v2\/types\/product"}],"wp:featuredmedia":[{"embeddable":true,"href":"https:\/\/www.yimeiglasses.com\/de\/wp-json\/wp\/v2\/media\/10651"}],"wp:attachment":[{"href":"https:\/\/www.yimeiglasses.com\/de\/wp-json\/wp\/v2\/media?parent=11894"}],"wp:term":[{"taxonomy":"product_brand","embeddable":true,"href":"https:\/\/www.yimeiglasses.com\/de\/wp-json\/wp\/v2\/product_brand?post=11894"},{"taxonomy":"product_cat","embeddable":true,"href":"https:\/\/www.yimeiglasses.com\/de\/wp-json\/wp\/v2\/product_cat?post=11894"},{"taxonomy":"product_tag","embeddable":true,"href":"https:\/\/www.yimeiglasses.com\/de\/wp-json\/wp\/v2\/product_tag?post=11894"}],"curies":[{"name":"wp","href":"https:\/\/api.w.org\/{rel}","templated":true}]}}