{"id":3269,"date":"2020-06-01T14:38:59","date_gmt":"2020-06-01T14:38:59","guid":{"rendered":"https:\/\/www.yimeiglasses.com\/?post_type=product&#038;p=3269"},"modified":"2025-05-20T01:41:49","modified_gmt":"2025-05-20T01:41:49","slug":"cartier-stainless-steel-full-frame-classic-sunglasses-ct7550178-53","status":"publish","type":"product","link":"https:\/\/www.yimeiglasses.com\/fr\/produit\/cartier-stainless-steel-full-frame-classic-sunglasses-ct7550178-53\/","title":{"rendered":"Lunettes de soleil classiques \u00e0 monture compl\u00e8te en acier inoxydable Cartier CT7550178-53"},"content":{"rendered":"<h2>Lunettes de soleil classiques \u00e0 monture compl\u00e8te en acier inoxydable Cartier CT7550178-53<\/h2>\n<p><img loading=\"lazy\" decoding=\"async\" class=\"alignnone size-full wp-image-2526\" src=\"http:\/\/www.yimeiglasses.com\/wp-content\/uploads\/2020\/04\/7550178-53-Stainless-Steel-Sunglasses-1.jpg\" alt=\"\" width=\"700\" height=\"600\" srcset=\"https:\/\/www.yimeiglasses.com\/wp-content\/uploads\/2020\/04\/7550178-53-Stainless-Steel-Sunglasses-1.jpg 700w, https:\/\/www.yimeiglasses.com\/wp-content\/uploads\/2020\/04\/7550178-53-Stainless-Steel-Sunglasses-1-247x212.jpg 247w, https:\/\/www.yimeiglasses.com\/wp-content\/uploads\/2020\/04\/7550178-53-Stainless-Steel-Sunglasses-1-510x437.jpg 510w, https:\/\/www.yimeiglasses.com\/wp-content\/uploads\/2020\/04\/7550178-53-Stainless-Steel-Sunglasses-1-14x12.jpg 14w\" sizes=\"auto, (max-width: 700px) 100vw, 700px\" \/> <img loading=\"lazy\" decoding=\"async\" class=\"alignnone size-full wp-image-2527\" src=\"http:\/\/www.yimeiglasses.com\/wp-content\/uploads\/2020\/04\/7550178-53-Stainless-Steel-Sunglasses-2.jpg\" alt=\"\" width=\"700\" height=\"600\" srcset=\"https:\/\/www.yimeiglasses.com\/wp-content\/uploads\/2020\/04\/7550178-53-Stainless-Steel-Sunglasses-2.jpg 700w, https:\/\/www.yimeiglasses.com\/wp-content\/uploads\/2020\/04\/7550178-53-Stainless-Steel-Sunglasses-2-247x212.jpg 247w, https:\/\/www.yimeiglasses.com\/wp-content\/uploads\/2020\/04\/7550178-53-Stainless-Steel-Sunglasses-2-510x437.jpg 510w, https:\/\/www.yimeiglasses.com\/wp-content\/uploads\/2020\/04\/7550178-53-Stainless-Steel-Sunglasses-2-14x12.jpg 14w\" sizes=\"auto, (max-width: 700px) 100vw, 700px\" \/> <img loading=\"lazy\" decoding=\"async\" class=\"alignnone size-full wp-image-2528\" src=\"http:\/\/www.yimeiglasses.com\/wp-content\/uploads\/2020\/04\/7550178-53-Stainless-Steel-Sunglasses-3.jpg\" alt=\"\" width=\"700\" height=\"600\" srcset=\"https:\/\/www.yimeiglasses.com\/wp-content\/uploads\/2020\/04\/7550178-53-Stainless-Steel-Sunglasses-3.jpg 700w, https:\/\/www.yimeiglasses.com\/wp-content\/uploads\/2020\/04\/7550178-53-Stainless-Steel-Sunglasses-3-247x212.jpg 247w, https:\/\/www.yimeiglasses.com\/wp-content\/uploads\/2020\/04\/7550178-53-Stainless-Steel-Sunglasses-3-510x437.jpg 510w, https:\/\/www.yimeiglasses.com\/wp-content\/uploads\/2020\/04\/7550178-53-Stainless-Steel-Sunglasses-3-14x12.jpg 14w\" sizes=\"auto, (max-width: 700px) 100vw, 700px\" \/> <img loading=\"lazy\" decoding=\"async\" class=\"alignnone size-full wp-image-2529\" src=\"http:\/\/www.yimeiglasses.com\/wp-content\/uploads\/2020\/04\/7550178-53-Stainless-Steel-Sunglasses-4.jpg\" alt=\"\" width=\"700\" height=\"600\" srcset=\"https:\/\/www.yimeiglasses.com\/wp-content\/uploads\/2020\/04\/7550178-53-Stainless-Steel-Sunglasses-4.jpg 700w, https:\/\/www.yimeiglasses.com\/wp-content\/uploads\/2020\/04\/7550178-53-Stainless-Steel-Sunglasses-4-247x212.jpg 247w, https:\/\/www.yimeiglasses.com\/wp-content\/uploads\/2020\/04\/7550178-53-Stainless-Steel-Sunglasses-4-510x437.jpg 510w, https:\/\/www.yimeiglasses.com\/wp-content\/uploads\/2020\/04\/7550178-53-Stainless-Steel-Sunglasses-4-14x12.jpg 14w\" sizes=\"auto, (max-width: 700px) 100vw, 700px\" \/> <img loading=\"lazy\" decoding=\"async\" class=\"alignnone size-full wp-image-2530\" src=\"http:\/\/www.yimeiglasses.com\/wp-content\/uploads\/2020\/04\/7550178-53-Stainless-Steel-Sunglasses-5.jpg\" alt=\"\" width=\"700\" height=\"600\" srcset=\"https:\/\/www.yimeiglasses.com\/wp-content\/uploads\/2020\/04\/7550178-53-Stainless-Steel-Sunglasses-5.jpg 700w, https:\/\/www.yimeiglasses.com\/wp-content\/uploads\/2020\/04\/7550178-53-Stainless-Steel-Sunglasses-5-247x212.jpg 247w, https:\/\/www.yimeiglasses.com\/wp-content\/uploads\/2020\/04\/7550178-53-Stainless-Steel-Sunglasses-5-510x437.jpg 510w, https:\/\/www.yimeiglasses.com\/wp-content\/uploads\/2020\/04\/7550178-53-Stainless-Steel-Sunglasses-5-14x12.jpg 14w\" sizes=\"auto, (max-width: 700px) 100vw, 700px\" \/> <img loading=\"lazy\" decoding=\"async\" class=\"alignnone size-full wp-image-2531\" src=\"http:\/\/www.yimeiglasses.com\/wp-content\/uploads\/2020\/04\/7550178-53-Stainless-Steel-Sunglasses-6.jpg\" alt=\"\" width=\"700\" height=\"600\" srcset=\"https:\/\/www.yimeiglasses.com\/wp-content\/uploads\/2020\/04\/7550178-53-Stainless-Steel-Sunglasses-6.jpg 700w, https:\/\/www.yimeiglasses.com\/wp-content\/uploads\/2020\/04\/7550178-53-Stainless-Steel-Sunglasses-6-247x212.jpg 247w, https:\/\/www.yimeiglasses.com\/wp-content\/uploads\/2020\/04\/7550178-53-Stainless-Steel-Sunglasses-6-510x437.jpg 510w, https:\/\/www.yimeiglasses.com\/wp-content\/uploads\/2020\/04\/7550178-53-Stainless-Steel-Sunglasses-6-14x12.jpg 14w\" sizes=\"auto, (max-width: 700px) 100vw, 700px\" \/> <img loading=\"lazy\" decoding=\"async\" class=\"alignnone size-full wp-image-2532\" src=\"http:\/\/www.yimeiglasses.com\/wp-content\/uploads\/2020\/04\/7550178-53-Stainless-Steel-Sunglasses-7.jpg\" alt=\"\" width=\"700\" height=\"600\" srcset=\"https:\/\/www.yimeiglasses.com\/wp-content\/uploads\/2020\/04\/7550178-53-Stainless-Steel-Sunglasses-7.jpg 700w, https:\/\/www.yimeiglasses.com\/wp-content\/uploads\/2020\/04\/7550178-53-Stainless-Steel-Sunglasses-7-247x212.jpg 247w, https:\/\/www.yimeiglasses.com\/wp-content\/uploads\/2020\/04\/7550178-53-Stainless-Steel-Sunglasses-7-510x437.jpg 510w, https:\/\/www.yimeiglasses.com\/wp-content\/uploads\/2020\/04\/7550178-53-Stainless-Steel-Sunglasses-7-14x12.jpg 14w\" sizes=\"auto, (max-width: 700px) 100vw, 700px\" \/> <img loading=\"lazy\" decoding=\"async\" class=\"alignnone size-full wp-image-2533\" src=\"http:\/\/www.yimeiglasses.com\/wp-content\/uploads\/2020\/04\/7550178-53-Stainless-Steel-Sunglasses-8.jpg\" alt=\"\" width=\"700\" height=\"600\" srcset=\"https:\/\/www.yimeiglasses.com\/wp-content\/uploads\/2020\/04\/7550178-53-Stainless-Steel-Sunglasses-8.jpg 700w, https:\/\/www.yimeiglasses.com\/wp-content\/uploads\/2020\/04\/7550178-53-Stainless-Steel-Sunglasses-8-247x212.jpg 247w, https:\/\/www.yimeiglasses.com\/wp-content\/uploads\/2020\/04\/7550178-53-Stainless-Steel-Sunglasses-8-510x437.jpg 510w, https:\/\/www.yimeiglasses.com\/wp-content\/uploads\/2020\/04\/7550178-53-Stainless-Steel-Sunglasses-8-14x12.jpg 14w\" sizes=\"auto, (max-width: 700px) 100vw, 700px\" \/> <img loading=\"lazy\" decoding=\"async\" class=\"alignnone size-full wp-image-2534\" src=\"http:\/\/www.yimeiglasses.com\/wp-content\/uploads\/2020\/04\/7550178-53-Stainless-Steel-Sunglasses-9.jpg\" alt=\"\" width=\"700\" height=\"600\" srcset=\"https:\/\/www.yimeiglasses.com\/wp-content\/uploads\/2020\/04\/7550178-53-Stainless-Steel-Sunglasses-9.jpg 700w, https:\/\/www.yimeiglasses.com\/wp-content\/uploads\/2020\/04\/7550178-53-Stainless-Steel-Sunglasses-9-247x212.jpg 247w, https:\/\/www.yimeiglasses.com\/wp-content\/uploads\/2020\/04\/7550178-53-Stainless-Steel-Sunglasses-9-510x437.jpg 510w, https:\/\/www.yimeiglasses.com\/wp-content\/uploads\/2020\/04\/7550178-53-Stainless-Steel-Sunglasses-9-14x12.jpg 14w\" sizes=\"auto, (max-width: 700px) 100vw, 700px\" \/> <img loading=\"lazy\" decoding=\"async\" class=\"alignnone size-full wp-image-2535\" src=\"http:\/\/www.yimeiglasses.com\/wp-content\/uploads\/2020\/04\/7550178-53-Stainless-Steel-Sunglasses-10.jpg\" alt=\"\" width=\"700\" height=\"600\" srcset=\"https:\/\/www.yimeiglasses.com\/wp-content\/uploads\/2020\/04\/7550178-53-Stainless-Steel-Sunglasses-10.jpg 700w, https:\/\/www.yimeiglasses.com\/wp-content\/uploads\/2020\/04\/7550178-53-Stainless-Steel-Sunglasses-10-247x212.jpg 247w, https:\/\/www.yimeiglasses.com\/wp-content\/uploads\/2020\/04\/7550178-53-Stainless-Steel-Sunglasses-10-510x437.jpg 510w, https:\/\/www.yimeiglasses.com\/wp-content\/uploads\/2020\/04\/7550178-53-Stainless-Steel-Sunglasses-10-14x12.jpg 14w\" sizes=\"auto, (max-width: 700px) 100vw, 700px\" \/><\/p>","protected":false},"excerpt":{"rendered":"<p>Lunettes de soleil classiques \u00e0 monture compl\u00e8te en acier inoxydable Cartier CT7550178-53<\/p>","protected":false},"featured_media":2527,"template":"","meta":{"_joinchat":[]},"product_brand":[],"product_cat":[292,16],"product_tag":[219,266,287,218],"class_list":{"0":"post-3269","1":"product","2":"type-product","3":"status-publish","4":"has-post-thumbnail","6":"product_cat-7550178-53","7":"product_cat-sunglasses","8":"product_tag-full-frame","9":"product_tag-men-sunglasses","10":"product_tag-stainless-steel","11":"product_tag-sunglasses","13":"first","14":"instock","15":"taxable","16":"shipping-taxable","17":"purchasable","18":"product-type-variable"},"yoast_head":"<!-- This site is optimized with the Yoast SEO plugin v27.2 - https:\/\/yoast.com\/product\/yoast-seo-wordpress\/ -->\n<title>Cartier Stainless Steel Full Frame Classic Sunglasses CT7550178-53 &#8211; Yimeiglasses<\/title>\n<meta name=\"description\" content=\"Cartier Stainless Steel Full Frame Classic Sunglasses CT7550178-53 Cartier Stainless Steel Full Frame Classic Sunglasses CT7550178-53 &#8211; Yimeiglasses\" \/>\n<meta name=\"robots\" content=\"index, follow, max-snippet:-1, max-image-preview:large, max-video-preview:-1\" \/>\n<link rel=\"canonical\" href=\"https:\/\/www.yimeiglasses.com\/fr\/produit\/cartier-stainless-steel-full-frame-classic-sunglasses-ct7550178-53\/\" \/>\n<meta property=\"og:locale\" content=\"fr_FR\" \/>\n<meta property=\"og:type\" content=\"article\" \/>\n<meta property=\"og:title\" content=\"Cartier Stainless Steel Full Frame Classic Sunglasses CT7550178-53 &#8211; Yimeiglasses\" \/>\n<meta property=\"og:description\" content=\"Cartier Stainless Steel Full Frame Classic Sunglasses CT7550178-53 Cartier Stainless Steel Full Frame Classic Sunglasses CT7550178-53 &#8211; Yimeiglasses\" \/>\n<meta property=\"og:url\" content=\"https:\/\/www.yimeiglasses.com\/fr\/produit\/cartier-stainless-steel-full-frame-classic-sunglasses-ct7550178-53\/\" \/>\n<meta property=\"og:site_name\" content=\"Yimeiglasses\" \/>\n<meta property=\"article:publisher\" content=\"https:\/\/www.facebook.com\/yimeiglasses\" \/>\n<meta property=\"article:modified_time\" content=\"2025-05-20T01:41:49+00:00\" \/>\n<meta property=\"og:image\" content=\"https:\/\/www.yimeiglasses.com\/wp-content\/uploads\/2020\/04\/7550178-53-Stainless-Steel-Sunglasses-2.jpg\" \/>\n\t<meta property=\"og:image:width\" content=\"700\" \/>\n\t<meta property=\"og:image:height\" content=\"600\" \/>\n\t<meta property=\"og:image:type\" content=\"image\/jpeg\" \/>\n<meta name=\"twitter:card\" content=\"summary_large_image\" \/>\n<meta name=\"twitter:site\" content=\"@RaphaelDun\" \/>\n<meta name=\"twitter:label1\" content=\"Dur\u00e9e de lecture estim\u00e9e\" \/>\n\t<meta name=\"twitter:data1\" content=\"3 minutes\" \/>\n<script type=\"application\/ld+json\" class=\"yoast-schema-graph\">{\"@context\":\"https:\/\/schema.org\",\"@graph\":[{\"@type\":\"WebPage\",\"@id\":\"https:\/\/www.yimeiglasses.com\/ru\/product\/cartier-stainless-steel-full-frame-classic-sunglasses-ct7550178-53\/\",\"url\":\"https:\/\/www.yimeiglasses.com\/ru\/product\/cartier-stainless-steel-full-frame-classic-sunglasses-ct7550178-53\/\",\"name\":\"Cartier Stainless Steel Full Frame Classic Sunglasses CT7550178-53 &#8211; Yimeiglasses\",\"isPartOf\":{\"@id\":\"https:\/\/www.yimeiglasses.com\/#website\"},\"primaryImageOfPage\":{\"@id\":\"https:\/\/www.yimeiglasses.com\/ru\/product\/cartier-stainless-steel-full-frame-classic-sunglasses-ct7550178-53\/#primaryimage\"},\"image\":{\"@id\":\"https:\/\/www.yimeiglasses.com\/ru\/product\/cartier-stainless-steel-full-frame-classic-sunglasses-ct7550178-53\/#primaryimage\"},\"thumbnailUrl\":\"https:\/\/www.yimeiglasses.com\/wp-content\/uploads\/2020\/04\/7550178-53-Stainless-Steel-Sunglasses-2.jpg\",\"datePublished\":\"2020-06-01T14:38:59+00:00\",\"dateModified\":\"2025-05-20T01:41:49+00:00\",\"description\":\"Cartier Stainless Steel Full Frame Classic Sunglasses CT7550178-53 Cartier Stainless Steel Full Frame Classic Sunglasses CT7550178-53 &#8211; Yimeiglasses\",\"breadcrumb\":{\"@id\":\"https:\/\/www.yimeiglasses.com\/ru\/product\/cartier-stainless-steel-full-frame-classic-sunglasses-ct7550178-53\/#breadcrumb\"},\"inLanguage\":\"fr-FR\",\"potentialAction\":[{\"@type\":\"ReadAction\",\"target\":[\"https:\/\/www.yimeiglasses.com\/ru\/product\/cartier-stainless-steel-full-frame-classic-sunglasses-ct7550178-53\/\"]}]},{\"@type\":\"ImageObject\",\"inLanguage\":\"fr-FR\",\"@id\":\"https:\/\/www.yimeiglasses.com\/ru\/product\/cartier-stainless-steel-full-frame-classic-sunglasses-ct7550178-53\/#primaryimage\",\"url\":\"https:\/\/www.yimeiglasses.com\/wp-content\/uploads\/2020\/04\/7550178-53-Stainless-Steel-Sunglasses-2.jpg\",\"contentUrl\":\"https:\/\/www.yimeiglasses.com\/wp-content\/uploads\/2020\/04\/7550178-53-Stainless-Steel-Sunglasses-2.jpg\",\"width\":700,\"height\":600,\"caption\":\"7550178-53-stainless-steel-sunglasses-2\"},{\"@type\":\"BreadcrumbList\",\"@id\":\"https:\/\/www.yimeiglasses.com\/ru\/product\/cartier-stainless-steel-full-frame-classic-sunglasses-ct7550178-53\/#breadcrumb\",\"itemListElement\":[{\"@type\":\"ListItem\",\"position\":1,\"name\":\"\u9996\u9875\",\"item\":\"https:\/\/www.yimeiglasses.com\/\"},{\"@type\":\"ListItem\",\"position\":2,\"name\":\"Products\",\"item\":\"https:\/\/www.yimeiglasses.com\/shop\/\"},{\"@type\":\"ListItem\",\"position\":3,\"name\":\"Cartier Stainless Steel Full Frame Classic Sunglasses CT7550178-53\"}]},{\"@type\":\"WebSite\",\"@id\":\"https:\/\/www.yimeiglasses.com\/#website\",\"url\":\"https:\/\/www.yimeiglasses.com\/\",\"name\":\"YimeiGlasses\",\"description\":\"Glasses factory\",\"publisher\":{\"@id\":\"https:\/\/www.yimeiglasses.com\/#organization\"},\"potentialAction\":[{\"@type\":\"SearchAction\",\"target\":{\"@type\":\"EntryPoint\",\"urlTemplate\":\"https:\/\/www.yimeiglasses.com\/?s={search_term_string}\"},\"query-input\":{\"@type\":\"PropertyValueSpecification\",\"valueRequired\":true,\"valueName\":\"search_term_string\"}}],\"inLanguage\":\"fr-FR\"},{\"@type\":\"Organization\",\"@id\":\"https:\/\/www.yimeiglasses.com\/#organization\",\"name\":\"yimeiglasses\",\"url\":\"https:\/\/www.yimeiglasses.com\/\",\"logo\":{\"@type\":\"ImageObject\",\"inLanguage\":\"fr-FR\",\"@id\":\"https:\/\/www.yimeiglasses.com\/#\/schema\/logo\/image\/\",\"url\":\"https:\/\/www.yimeiglasses.com\/wp-content\/uploads\/2022\/12\/\u7eaf\u6587\u5b57logo.png\",\"contentUrl\":\"https:\/\/www.yimeiglasses.com\/wp-content\/uploads\/2022\/12\/\u7eaf\u6587\u5b57logo.png\",\"width\":143,\"height\":143,\"caption\":\"yimeiglasses\"},\"image\":{\"@id\":\"https:\/\/www.yimeiglasses.com\/#\/schema\/logo\/image\/\"},\"sameAs\":[\"https:\/\/www.facebook.com\/yimeiglasses\",\"https:\/\/x.com\/RaphaelDun\",\"https:\/\/www.pinterest.com\/Yimeiglasses\/\",\"https:\/\/www.instagram.com\/yimeiglasses\/\",\"https:\/\/www.tiktok.com\/@yimeiglasses\",\"https:\/\/www.youtube.com\/@yimeiglasses\"]}]}<\/script>\n<!-- \/ Yoast SEO plugin. -->","yoast_head_json":{"title":"Cartier Stainless Steel Full Frame Classic Sunglasses CT7550178-53 &#8211; Yimeiglasses","description":"Cartier Stainless Steel Full Frame Classic Sunglasses CT7550178-53 Cartier Stainless Steel Full Frame Classic Sunglasses CT7550178-53 &#8211; Yimeiglasses","robots":{"index":"index","follow":"follow","max-snippet":"max-snippet:-1","max-image-preview":"max-image-preview:large","max-video-preview":"max-video-preview:-1"},"canonical":"https:\/\/www.yimeiglasses.com\/fr\/produit\/cartier-stainless-steel-full-frame-classic-sunglasses-ct7550178-53\/","og_locale":"fr_FR","og_type":"article","og_title":"Cartier Stainless Steel Full Frame Classic Sunglasses CT7550178-53 &#8211; Yimeiglasses","og_description":"Cartier Stainless Steel Full Frame Classic Sunglasses CT7550178-53 Cartier Stainless Steel Full Frame Classic Sunglasses CT7550178-53 &#8211; Yimeiglasses","og_url":"https:\/\/www.yimeiglasses.com\/fr\/produit\/cartier-stainless-steel-full-frame-classic-sunglasses-ct7550178-53\/","og_site_name":"Yimeiglasses","article_publisher":"https:\/\/www.facebook.com\/yimeiglasses","article_modified_time":"2025-05-20T01:41:49+00:00","og_image":[{"width":700,"height":600,"url":"https:\/\/www.yimeiglasses.com\/wp-content\/uploads\/2020\/04\/7550178-53-Stainless-Steel-Sunglasses-2.jpg","type":"image\/jpeg"}],"twitter_card":"summary_large_image","twitter_site":"@RaphaelDun","twitter_misc":{"Dur\u00e9e de lecture estim\u00e9e":"3 minutes"},"schema":{"@context":"https:\/\/schema.org","@graph":[{"@type":"WebPage","@id":"https:\/\/www.yimeiglasses.com\/ru\/product\/cartier-stainless-steel-full-frame-classic-sunglasses-ct7550178-53\/","url":"https:\/\/www.yimeiglasses.com\/ru\/product\/cartier-stainless-steel-full-frame-classic-sunglasses-ct7550178-53\/","name":"Cartier Stainless Steel Full Frame Classic Sunglasses CT7550178-53 &#8211; Yimeiglasses","isPartOf":{"@id":"https:\/\/www.yimeiglasses.com\/#website"},"primaryImageOfPage":{"@id":"https:\/\/www.yimeiglasses.com\/ru\/product\/cartier-stainless-steel-full-frame-classic-sunglasses-ct7550178-53\/#primaryimage"},"image":{"@id":"https:\/\/www.yimeiglasses.com\/ru\/product\/cartier-stainless-steel-full-frame-classic-sunglasses-ct7550178-53\/#primaryimage"},"thumbnailUrl":"https:\/\/www.yimeiglasses.com\/wp-content\/uploads\/2020\/04\/7550178-53-Stainless-Steel-Sunglasses-2.jpg","datePublished":"2020-06-01T14:38:59+00:00","dateModified":"2025-05-20T01:41:49+00:00","description":"Cartier Stainless Steel Full Frame Classic Sunglasses CT7550178-53 Cartier Stainless Steel Full Frame Classic Sunglasses CT7550178-53 &#8211; Yimeiglasses","breadcrumb":{"@id":"https:\/\/www.yimeiglasses.com\/ru\/product\/cartier-stainless-steel-full-frame-classic-sunglasses-ct7550178-53\/#breadcrumb"},"inLanguage":"fr-FR","potentialAction":[{"@type":"ReadAction","target":["https:\/\/www.yimeiglasses.com\/ru\/product\/cartier-stainless-steel-full-frame-classic-sunglasses-ct7550178-53\/"]}]},{"@type":"ImageObject","inLanguage":"fr-FR","@id":"https:\/\/www.yimeiglasses.com\/ru\/product\/cartier-stainless-steel-full-frame-classic-sunglasses-ct7550178-53\/#primaryimage","url":"https:\/\/www.yimeiglasses.com\/wp-content\/uploads\/2020\/04\/7550178-53-Stainless-Steel-Sunglasses-2.jpg","contentUrl":"https:\/\/www.yimeiglasses.com\/wp-content\/uploads\/2020\/04\/7550178-53-Stainless-Steel-Sunglasses-2.jpg","width":700,"height":600,"caption":"7550178-53-stainless-steel-sunglasses-2"},{"@type":"BreadcrumbList","@id":"https:\/\/www.yimeiglasses.com\/ru\/product\/cartier-stainless-steel-full-frame-classic-sunglasses-ct7550178-53\/#breadcrumb","itemListElement":[{"@type":"ListItem","position":1,"name":"\u9996\u9875","item":"https:\/\/www.yimeiglasses.com\/"},{"@type":"ListItem","position":2,"name":"Products","item":"https:\/\/www.yimeiglasses.com\/shop\/"},{"@type":"ListItem","position":3,"name":"Cartier Stainless Steel Full Frame Classic Sunglasses CT7550178-53"}]},{"@type":"WebSite","@id":"https:\/\/www.yimeiglasses.com\/#website","url":"https:\/\/www.yimeiglasses.com\/","name":"YimeiGlasses","description":"Glasses factory","publisher":{"@id":"https:\/\/www.yimeiglasses.com\/#organization"},"potentialAction":[{"@type":"SearchAction","target":{"@type":"EntryPoint","urlTemplate":"https:\/\/www.yimeiglasses.com\/?s={search_term_string}"},"query-input":{"@type":"PropertyValueSpecification","valueRequired":true,"valueName":"search_term_string"}}],"inLanguage":"fr-FR"},{"@type":"Organization","@id":"https:\/\/www.yimeiglasses.com\/#organization","name":"yimeiglasses","url":"https:\/\/www.yimeiglasses.com\/","logo":{"@type":"ImageObject","inLanguage":"fr-FR","@id":"https:\/\/www.yimeiglasses.com\/#\/schema\/logo\/image\/","url":"https:\/\/www.yimeiglasses.com\/wp-content\/uploads\/2022\/12\/\u7eaf\u6587\u5b57logo.png","contentUrl":"https:\/\/www.yimeiglasses.com\/wp-content\/uploads\/2022\/12\/\u7eaf\u6587\u5b57logo.png","width":143,"height":143,"caption":"yimeiglasses"},"image":{"@id":"https:\/\/www.yimeiglasses.com\/#\/schema\/logo\/image\/"},"sameAs":["https:\/\/www.facebook.com\/yimeiglasses","https:\/\/x.com\/RaphaelDun","https:\/\/www.pinterest.com\/Yimeiglasses\/","https:\/\/www.instagram.com\/yimeiglasses\/","https:\/\/www.tiktok.com\/@yimeiglasses","https:\/\/www.youtube.com\/@yimeiglasses"]}]}},"_links":{"self":[{"href":"https:\/\/www.yimeiglasses.com\/fr\/wp-json\/wp\/v2\/product\/3269","targetHints":{"allow":["GET"]}}],"collection":[{"href":"https:\/\/www.yimeiglasses.com\/fr\/wp-json\/wp\/v2\/product"}],"about":[{"href":"https:\/\/www.yimeiglasses.com\/fr\/wp-json\/wp\/v2\/types\/product"}],"wp:featuredmedia":[{"embeddable":true,"href":"https:\/\/www.yimeiglasses.com\/fr\/wp-json\/wp\/v2\/media\/2527"}],"wp:attachment":[{"href":"https:\/\/www.yimeiglasses.com\/fr\/wp-json\/wp\/v2\/media?parent=3269"}],"wp:term":[{"taxonomy":"product_brand","embeddable":true,"href":"https:\/\/www.yimeiglasses.com\/fr\/wp-json\/wp\/v2\/product_brand?post=3269"},{"taxonomy":"product_cat","embeddable":true,"href":"https:\/\/www.yimeiglasses.com\/fr\/wp-json\/wp\/v2\/product_cat?post=3269"},{"taxonomy":"product_tag","embeddable":true,"href":"https:\/\/www.yimeiglasses.com\/fr\/wp-json\/wp\/v2\/product_tag?post=3269"}],"curies":[{"name":"wp","href":"https:\/\/api.w.org\/{rel}","templated":true}]}}